{"id":1625,"date":"2023-01-04T09:44:10","date_gmt":"2023-01-04T08:44:10","guid":{"rendered":"https:\/\/bibliometrie.info\/research\/archive-internal-development-projects-2017\/"},"modified":"2023-01-17T13:30:31","modified_gmt":"2023-01-17T12:30:31","slug":"archive-internal-development-projects-2017","status":"publish","type":"page","link":"https:\/\/bibliometrie.info\/en\/research\/archive-internal-development-projects-2017\/","title":{"rendered":"Archive inter\u00adnal devel\u00adop\u00adment projects 2017"},"content":{"rendered":"<p><\/p><div class=\"fusion-fullwidth fullwidth-box fusion-builder-row-1 fusion-flex-container has-pattern-background has-mask-background fusion-parallax-none nonhundred-percent-fullwidth non-hundred-percent-height-scrolling\" style=\"--awb-border-radius-top-left:0px;--awb-border-radius-top-right:0px;--awb-border-radius-bottom-right:0px;--awb-border-radius-bottom-left:0px;--awb-min-height:564px;--awb-background-image:url(&quot;https:\/\/bibliometrie.info\/wp-content\/uploads\/2022\/11\/04_research.jpg&quot;);--awb-background-size:cover;--awb-flex-wrap:wrap;\"><div class=\"fusion-builder-row fusion-row fusion-flex-align-items-flex-end fusion-flex-justify-content-flex-end fusion-flex-content-wrap\" style=\"max-width:calc( 1440px + 30px );margin-left: calc(-30px \/ 2 );margin-right: calc(-30px \/ 2 );\"><div class=\"fusion-layout-column fusion_builder_column fusion-builder-column-0 fusion_builder_column_1_1 1_1 fusion-flex-column\" style=\"--awb-bg-size:cover;--awb-width-large:100%;--awb-margin-top-large:0px;--awb-spacing-right-large:15px;--awb-margin-bottom-large:20px;--awb-spacing-left-large:15px;--awb-width-medium:100%;--awb-order-medium:0;--awb-spacing-right-medium:15px;--awb-spacing-left-medium:15px;--awb-width-small:100%;--awb-order-small:0;--awb-spacing-right-small:15px;--awb-spacing-left-small:15px;\"><div class=\"fusion-column-wrapper fusion-column-has-shadow fusion-flex-justify-content-flex-end fusion-content-layout-column\"><div class=\"fusion-text fusion-text-1\"><h1 style=\"text-align: right;\">ARCHIV<\/h1>\n<\/div><\/div><\/div><\/div><\/div><div class=\"fusion-fullwidth fullwidth-box fusion-builder-row-2 fusion-flex-container has-pattern-background has-mask-background nonhundred-percent-fullwidth non-hundred-percent-height-scrolling\" style=\"--awb-border-radius-top-left:0px;--awb-border-radius-top-right:0px;--awb-border-radius-bottom-right:0px;--awb-border-radius-bottom-left:0px;--awb-margin-top:60px;--awb-margin-bottom:30px;--awb-flex-wrap:wrap;\"><div class=\"fusion-builder-row fusion-row fusion-flex-align-items-flex-start fusion-flex-content-wrap\" style=\"max-width:calc( 1440px + 30px );margin-left: calc(-30px \/ 2 );margin-right: calc(-30px \/ 2 );\"><div class=\"fusion-layout-column fusion_builder_column fusion-builder-column-1 awb-sticky awb-sticky-small awb-sticky-medium awb-sticky-large fusion_builder_column_1_4 1_4 fusion-flex-column\" style=\"--awb-padding-top:10px;--awb-bg-size:cover;--awb-width-large:25%;--awb-margin-top-large:0px;--awb-spacing-right-large:15px;--awb-margin-bottom-large:20px;--awb-spacing-left-large:15px;--awb-width-medium:25%;--awb-order-medium:0;--awb-spacing-right-medium:15px;--awb-spacing-left-medium:15px;--awb-width-small:100%;--awb-order-small:0;--awb-spacing-right-small:15px;--awb-spacing-left-small:15px;--awb-sticky-offset:200px;\"><div class=\"fusion-column-wrapper fusion-column-has-shadow fusion-flex-justify-content-flex-start fusion-content-layout-column\"><div class=\"fusion-text fusion-text-2 textmenue\" style=\"--awb-font-size:16px;--awb-line-height:26px;\"><p><a href=\"\/en\/research#_interne_entwicklungsprojekte\"><strong>Inter\u00adnal devel\u00adop\u00adment projects<\/strong><\/a><\/p>\n<hr>\n<p>Archive<\/p>\n<p><a href=\"\/en\/research\/archive-internal-development-projects-2021\/\">2021<\/a><br>\n<a href=\"\/en\/research\/archive-internal-development-projects-2020\/\">2020<\/a><br>\n<a href=\"\/en\/research\/archive-internal-development-projects-2019\/\">2019<\/a><br>\n<a href=\"\/en\/research\/archive-internal-development-projects-2018\/\">2018<\/a><br>\n<a class=\"textmenueactive\" href=\"https:\/\/bibliometrie.info\/en\/research\/archive-internal-development-projects-2017\/\">2017<\/a><br>\n<a href=\"https:\/\/bibliometrie.info\/en\/research\/archive-internal-development-projects-2016\/\">2016<\/a><br>\n<a href=\"\/en\/research\/archive-internal-development-projects-before-2016\/\">&lt; 2016<\/a><\/p>\n<\/div><\/div><\/div><div class=\"fusion-layout-column fusion_builder_column fusion-builder-column-2 fusion_builder_column_1_2 1_2 fusion-flex-column\" style=\"--awb-bg-size:cover;--awb-width-large:50%;--awb-margin-top-large:0px;--awb-spacing-right-large:15px;--awb-margin-bottom-large:20px;--awb-spacing-left-large:15px;--awb-width-medium:75%;--awb-order-medium:0;--awb-spacing-right-medium:15px;--awb-spacing-left-medium:15px;--awb-width-small:100%;--awb-order-small:0;--awb-spacing-right-small:15px;--awb-spacing-left-small:15px;\" id=\"interne_entwicklungsprojekte\"><div class=\"fusion-column-wrapper fusion-column-has-shadow fusion-flex-justify-content-flex-start fusion-content-layout-column\"><div class=\"fusion-text fusion-text-3\" style=\"--awb-margin-top:10px;\"><h2>ARCHIVE<\/h2>\n<\/div><div class=\"accordian fusion-accordian\" style=\"--awb-border-size:1px;--awb-icon-size:16px;--awb-content-font-size:17px;--awb-icon-alignment:left;--awb-hover-color:var(--awb-color2);--awb-border-color:var(--awb-color3);--awb-background-color:var(--awb-color1);--awb-divider-color:var(--awb-color3);--awb-divider-hover-color:var(--awb-color3);--awb-icon-color:#262644;--awb-title-color:var(--awb-color8);--awb-content-color:var(--awb-color8);--awb-icon-box-color:var(--awb-color8);--awb-toggle-hover-accent-color:#cbdb2a;--awb-toggle-active-accent-color:#cbdb2a;--awb-title-font-family:&quot;Calibri Bold&quot;;--awb-title-font-weight:400;--awb-title-font-style:normal;--awb-title-font-size:17px;--awb-content-font-family:&quot;Calibri&quot;;--awb-content-font-style:normal;--awb-content-font-weight:400;\"><div class=\"panel-group fusion-toggle-icon-unboxed\" id=\"accordion-1625-1\"><div class=\"fusion-panel panel-default panel-ca806a4603b39abe1 fusion-toggle-no-divider\" style=\"--awb-title-color:var(--awb-color8);--awb-content-color:var(--awb-color8);\"><div class=\"panel-heading\"><h4 class=\"panel-title toggle\" id=\"toggle_ca806a4603b39abe1\"><a aria-expanded=\"false\" aria-controls=\"ca806a4603b39abe1\" role=\"button\" data-toggle=\"collapse\" data-parent=\"#accordion-1625-1\" data-target=\"#ca806a4603b39abe1\" href=\"#ca806a4603b39abe1\"><span class=\"fusion-toggle-icon-wrapper\" aria-hidden=\"true\"><i class=\"fa-fusion-box active-icon awb-icon-minus\" aria-hidden=\"true\"><\/i><i class=\"fa-fusion-box inactive-icon awb-icon-plus\" aria-hidden=\"true\"><\/i><\/span><span class=\"fusion-toggle-heading\">Insti\u00adtu\u00adtio\u00adnenkodierung f\u00fcr weitere L\u00e4nder (Univer\u00adsit\u00e4t Bielefeld)<\/span><\/a><\/h4><\/div><div id=\"ca806a4603b39abe1\" class=\"panel-collapse collapse \" aria-labelledby=\"toggle_ca806a4603b39abe1\"><div class=\"panel-body toggle-content fusion-clearfix\">\n<p class=\"archivlst\">F\u00fcr verschiedene Anwen\u00addun\u00adgen (z.B. fraktion\u00adierte Z\u00e4hlmeth\u00ado\u00add\u00aden auf Basis von Insti\u00adtu\u00adtio\u00adnen) ist eine Insti\u00adtu\u00adtio\u00adnenkodierung notwendig. Die existierende Insti\u00adtu\u00adtio\u00adnenkodierung beschr\u00e4nkt sich auf deutsche Adressen\/Institutionen und es beste\u00adht inner\u00adhalb des Kompe\u00adtenzzen\u00adtrums Bibliome\u00adtrie (KB) ein Bedarf nach einer Ausweitung auf weitere L\u00e4nder. Allerd\u00adings skaliert die f\u00fcr Deutsch\u00adland angewandte Methode der Adress-Disam\u00adbigu\u00adierung nicht auf gr\u00f6\u00dferem Ma\u00dfstab. Daher ist es Ziel dieses Projek\u00adtes, die Durch\u00adf\u00fchrbarkeit einer Insti\u00adtu\u00adtio\u00adnenkodierung f\u00fcr weitere L\u00e4nder mit unter\u00adschiedlichen Metho\u00add\u00aden zu testen.<\/p>\n<p class=\"archivlst\"><a title=\"Institutional disambiguation for further countries\" href=\"http:\/\/nbn-resolving.de\/urn:nbn:de:0070-pub-29303474\" target=\"_blank\" rel=\"noopener\">Insti\u00adtu\u00adtion\u00adal disam\u00adbigua\u00adtion for further countries \u2013 an explo\u00adration with exten\u00adsive use of wikida\u00adta (project report)<\/a><\/p>\n<\/div><\/div><\/div><div class=\"fusion-panel panel-default panel-18a7aa1537004b58b fusion-toggle-no-divider\" style=\"--awb-title-color:var(--awb-color8);--awb-content-color:var(--awb-color8);\"><div class=\"panel-heading\"><h4 class=\"panel-title toggle\" id=\"toggle_18a7aa1537004b58b\"><a aria-expanded=\"false\" aria-controls=\"18a7aa1537004b58b\" role=\"button\" data-toggle=\"collapse\" data-parent=\"#accordion-1625-1\" data-target=\"#18a7aa1537004b58b\" href=\"#18a7aa1537004b58b\"><span class=\"fusion-toggle-icon-wrapper\" aria-hidden=\"true\"><i class=\"fa-fusion-box active-icon awb-icon-minus\" aria-hidden=\"true\"><\/i><i class=\"fa-fusion-box inactive-icon awb-icon-plus\" aria-hidden=\"true\"><\/i><\/span><span class=\"fusion-toggle-heading\">Publish\u00ader: Disam\u00adbigu\u00adierung und Historisierung (Univer\u00adsit\u00e4t Bielefeld)<\/span><\/a><\/h4><\/div><div id=\"18a7aa1537004b58b\" class=\"panel-collapse collapse \" aria-labelledby=\"toggle_18a7aa1537004b58b\"><div class=\"panel-body toggle-content fusion-clearfix\">\n<p class=\"archivlst\">Ziel des Projek\u00adtes ist die Bereit\u00adstel\u00adlung bereinigter und angere\u00adichert\u00ader Verlagsin\u00adfor\u00adma\u00adtio\u00adnen f\u00fcr die Bibliome\u00adtrie-Daten\u00adbanken. \u00c4hnlich wie bei Adressen zu Insti\u00adtu\u00adtio\u00adnen liegen auch im Fall von Verlags\u00adbeze\u00adich\u00adnun\u00adgen unter\u00adschiedliche Schreib\u00adweisen vor, es beste\u00adhen (Hierarchie-)beziehungen zwischen Verla\u00adgen und Struk\u00adturver\u00e4n\u00adderun\u00adgen \u00fcber die&nbsp;Zeit.<\/p>\n<p class=\"archivlst\"><a title=\"Publisher. Disambiguierung und Historisierung\" href=\"http:\/\/nbn-resolving.de\/urn:nbn:de:0070-pub-29351597\" target=\"_blank\" rel=\"noopener\">Publish\u00ader. Disam\u00adbigu\u00adierung und Historisierung. Projektbericht<\/a><\/p>\n<\/div><\/div><\/div><div class=\"fusion-panel panel-default panel-e96790bf0e7a71d4c fusion-toggle-no-divider\" style=\"--awb-title-color:var(--awb-color8);--awb-content-color:var(--awb-color8);\"><div class=\"panel-heading\"><h4 class=\"panel-title toggle\" id=\"toggle_e96790bf0e7a71d4c\"><a aria-expanded=\"false\" aria-controls=\"e96790bf0e7a71d4c\" role=\"button\" data-toggle=\"collapse\" data-parent=\"#accordion-1625-1\" data-target=\"#e96790bf0e7a71d4c\" href=\"#e96790bf0e7a71d4c\"><span class=\"fusion-toggle-icon-wrapper\" aria-hidden=\"true\"><i class=\"fa-fusion-box active-icon awb-icon-minus\" aria-hidden=\"true\"><\/i><i class=\"fa-fusion-box inactive-icon awb-icon-plus\" aria-hidden=\"true\"><\/i><\/span><span class=\"fusion-toggle-heading\">Geo-Kodierung auf Grund\u00adlage der NUTS-System\u00adatik (Univer\u00adsit\u00e4t Bielefeld)<\/span><\/a><\/h4><\/div><div id=\"e96790bf0e7a71d4c\" class=\"panel-collapse collapse \" aria-labelledby=\"toggle_e96790bf0e7a71d4c\"><div class=\"panel-body toggle-content fusion-clearfix\">\n<p class=\"archivlst\">In dem Projekt wird eine Zuord\u00adnung von Adressen zu NUTS-Codes erstellt.<\/p>\n<p class=\"archivlst\"><a title=\"NUTS Geocoding\" href=\"http:\/\/nbn-resolving.de\/urn:nbn:de:0070-pub-29300166\" target=\"_blank\" rel=\"noopener\">NUTS Geocod\u00ading \u2013 project report<\/a><\/p>\n<\/div><\/div><\/div><div class=\"fusion-panel panel-default panel-eb5e45c3300f247a8 fusion-toggle-no-divider\" style=\"--awb-title-color:var(--awb-color8);--awb-content-color:var(--awb-color8);\"><div class=\"panel-heading\"><h4 class=\"panel-title toggle\" id=\"toggle_eb5e45c3300f247a8\"><a aria-expanded=\"false\" aria-controls=\"eb5e45c3300f247a8\" role=\"button\" data-toggle=\"collapse\" data-parent=\"#accordion-1625-1\" data-target=\"#eb5e45c3300f247a8\" href=\"#eb5e45c3300f247a8\"><span class=\"fusion-toggle-icon-wrapper\" aria-hidden=\"true\"><i class=\"fa-fusion-box active-icon awb-icon-minus\" aria-hidden=\"true\"><\/i><i class=\"fa-fusion-box inactive-icon awb-icon-plus\" aria-hidden=\"true\"><\/i><\/span><span class=\"fusion-toggle-heading\">Research Level-Daten f\u00fcr die Bibliome\u00adtriedaten\u00adbanken (DZHW)<\/span><\/a><\/h4><\/div><div id=\"eb5e45c3300f247a8\" class=\"panel-collapse collapse \" aria-labelledby=\"toggle_eb5e45c3300f247a8\"><div class=\"panel-body toggle-content fusion-clearfix\">\n<p class=\"archivlst\">Anwen\u00addung der automa\u00adtis\u00adchen Research Level-Klassi\u00adfika\u00adtion (Boyack et al. (2014), <em>Journal of Infor\u00admet\u00adrics, 8<\/em>, 1\u201312) auf die Datenbest\u00e4nde des KB sowie Validierung der Zuord\u00adnun\u00adgen anhand ausgew\u00e4hlter extern\u00ader Daten\u00ads\u00e4tze. Diese Klassi\u00adfika\u00adtion ordnet einzelne Publika\u00adtio\u00adnen anhand der Begriffe im Titel und Abstract in vier Klassen nach ihrer Anwen\u00addungs- bzw. Grund\u00adlagenori\u00aden\u00adtierung. Ergeb\u00adnis der Projek\u00adtes ist eine zus\u00e4t\u00adzliche Daten\u00adbank\u00adta\u00adbelle mit Research Level-Angaben f\u00fcr die KB-Infra\u00adstruk\u00adtur und ein intern\u00ader Bericht zur Einsch\u00e4tzung der Valid\u00adit\u00e4t der Verfahrens.<\/p>\n<p class=\"archivlst\"><a href=\"\/wp-content\/uploads\/2022\/11\/ResearchLevel_bericht_PD-1.pdf\" target=\"_blank\" rel=\"noopener\">Bericht: Research Level-Daten f\u00fcr die Bibliometriedatenbanken<\/a><\/p>\n<\/div><\/div><\/div><div class=\"fusion-panel panel-default panel-76c907ab50b79406a fusion-toggle-no-divider\" style=\"--awb-title-color:var(--awb-color8);--awb-content-color:var(--awb-color8);\"><div class=\"panel-heading\"><h4 class=\"panel-title toggle\" id=\"toggle_76c907ab50b79406a\"><a aria-expanded=\"false\" aria-controls=\"76c907ab50b79406a\" role=\"button\" data-toggle=\"collapse\" data-parent=\"#accordion-1625-1\" data-target=\"#76c907ab50b79406a\" href=\"#76c907ab50b79406a\"><span class=\"fusion-toggle-icon-wrapper\" aria-hidden=\"true\"><i class=\"fa-fusion-box active-icon awb-icon-minus\" aria-hidden=\"true\"><\/i><i class=\"fa-fusion-box inactive-icon awb-icon-plus\" aria-hidden=\"true\"><\/i><\/span><span class=\"fusion-toggle-heading\">Kodierung inter\u00adna\u00adtionaler Insti\u00adtu\u00adtio\u00adnen \u2013 eine Machbarkeitsstudie anhand von ausgew\u00e4hlten L\u00e4ndern (Fraun\u00adhofer&nbsp;ISI)<\/span><\/a><\/h4><\/div><div id=\"76c907ab50b79406a\" class=\"panel-collapse collapse \" aria-labelledby=\"toggle_76c907ab50b79406a\"><div class=\"panel-body toggle-content fusion-clearfix\">\n<p class=\"archivlst\">Im Rahmen einer Machbarkeitsstudie werden m\u00f6gliche Verfahren zur weltweit\u00aden Insti\u00adtu\u00adtion\u00adskodierung entwick\u00adelt und getestet. Dabei soll das Verfahren soweit m\u00f6glich automa\u00adtisiert ablaufen. Es wird ein Bottom-Up-Verfahren auf Basis der zu kodieren\u00adden Daten entwick\u00adelt, wobei die beste\u00adhen\u00adden distink\u00adten Organ\u00adi\u00adsa\u00adtio\u00adnen zun\u00e4chst wie einzelne Organ\u00adi\u00adsa\u00adtion\u00adsin\u00adstanzen behan\u00addelt werden, welche dann weiter zusam\u00admen gruppiert werden, um eine Unter\u00adschei\u00addung in eindeutige Organ\u00adi\u00adsa\u00adtion\u00adsob\u00adjek\u00adte zu erzie\u00adlen. Es wird zun\u00e4chst eine Zuord\u00adnung auf Basis von identis\u00adchen bzw. \u00e4hnlichen Namensvari\u00adanten der Organ\u00adi\u00adsa\u00adtio\u00adnen getestet. Zur Evaluierung der Methode wurde zuerst ein Goldstan\u00addard-Daten\u00adsatz entwick\u00adelt, auf dessen Basis die Ergeb\u00adnisse unser\u00ader Methode schlussendlich analysiert werden sollen.<\/p>\n<p class=\"archivlst\"><a href=\"\/wp-content\/uploads\/2022\/11\/Institutionskodierung_Abschlussbericht_Fh-1.pdf\" target=\"_blank\" rel=\"noopener\">Abschluss\u00adbericht: Kodierung inter\u00adna\u00adtionaler Insti\u00adtu\u00adtio\u00adnen \u2013 eine Machbarkeitsstudie anhand von ausgew\u00e4hlten L\u00e4ndern<\/a><\/p>\n<\/div><\/div><\/div><\/div><\/div><\/div><\/div><div class=\"fusion-layout-column fusion_builder_column fusion-builder-column-3 fusion_builder_column_1_4 1_4 fusion-flex-column fusion-no-small-visibility fusion-no-medium-visibility\" style=\"--awb-bg-size:cover;--awb-width-large:25%;--awb-margin-top-large:0px;--awb-spacing-right-large:15px;--awb-margin-bottom-large:20px;--awb-spacing-left-large:15px;--awb-width-medium:25%;--awb-order-medium:0;--awb-spacing-right-medium:15px;--awb-spacing-left-medium:15px;--awb-width-small:100%;--awb-order-small:0;--awb-spacing-right-small:15px;--awb-spacing-left-small:15px;\"><div class=\"fusion-column-wrapper fusion-column-has-shadow fusion-flex-justify-content-flex-start fusion-content-layout-column\"><\/div><\/div><\/div><\/div><div class=\"fusion-fullwidth fullwidth-box fusion-builder-row-3 fusion-flex-container has-pattern-background has-mask-background nonhundred-percent-fullwidth non-hundred-percent-height-scrolling\" style=\"--awb-border-radius-top-left:0px;--awb-border-radius-top-right:0px;--awb-border-radius-bottom-right:0px;--awb-border-radius-bottom-left:0px;--awb-flex-wrap:wrap;\"><div class=\"fusion-builder-row fusion-row fusion-flex-align-items-flex-start fusion-flex-content-wrap\" style=\"max-width:calc( 1440px + 30px );margin-left: calc(-30px \/ 2 );margin-right: calc(-30px \/ 2 );\"><div class=\"fusion-layout-column fusion_builder_column fusion-builder-column-4 fusion_builder_column_1_4 1_4 fusion-flex-column\" style=\"--awb-bg-size:cover;--awb-width-large:25%;--awb-margin-top-large:0px;--awb-spacing-right-large:15px;--awb-margin-bottom-large:20px;--awb-spacing-left-large:15px;--awb-width-medium:25%;--awb-order-medium:0;--awb-spacing-right-medium:15px;--awb-spacing-left-medium:15px;--awb-width-small:100%;--awb-order-small:0;--awb-spacing-right-small:15px;--awb-spacing-left-small:15px;\"><div class=\"fusion-column-wrapper fusion-column-has-shadow fusion-flex-justify-content-flex-start fusion-content-layout-column\"><\/div><\/div><div class=\"fusion-layout-column fusion_builder_column fusion-builder-column-5 fusion_builder_column_1_2 1_2 fusion-flex-column\" style=\"--awb-bg-size:cover;--awb-width-large:50%;--awb-margin-top-large:0px;--awb-spacing-right-large:15px;--awb-margin-bottom-large:20px;--awb-spacing-left-large:15px;--awb-width-medium:50%;--awb-order-medium:0;--awb-spacing-right-medium:15px;--awb-spacing-left-medium:15px;--awb-width-small:100%;--awb-order-small:0;--awb-spacing-right-small:15px;--awb-spacing-left-small:15px;\" id=\"showcase\"><div class=\"fusion-column-wrapper fusion-column-has-shadow fusion-flex-justify-content-flex-start fusion-content-layout-column\"><div class=\"elegant-image-swap elegant-image-swap-0 fusion-alignleft customtotop\" style=\"width:50px;\"><div class=\"elegant-image-swap-wrapper\"><a href=\"http:\/\/#top\" target=\"_blank\"><img decoding=\"async\" class=\"elegant-image-swap-main\" style=\"border-radius: 0px !important;\" src=\"https:\/\/bibliometrie.info\/wp-content\/uploads\/2022\/11\/back-to-top.svg\" alt width=\"50px\" height=\"auto\"><img decoding=\"async\" class=\"elegant-image-swap-hover\" style=\"border-radius: 0px !important;\" src=\"https:\/\/bibliometrie.info\/wp-content\/uploads\/2022\/11\/back-to-top_hover.svg\" alt width=\"50px\" height=\"auto\"><\/a><\/div><\/div><\/div><\/div><div class=\"fusion-layout-column fusion_builder_column fusion-builder-column-6 fusion_builder_column_1_4 1_4 fusion-flex-column\" style=\"--awb-bg-size:cover;--awb-width-large:25%;--awb-margin-top-large:0px;--awb-spacing-right-large:15px;--awb-margin-bottom-large:20px;--awb-spacing-left-large:15px;--awb-width-medium:25%;--awb-order-medium:0;--awb-spacing-right-medium:15px;--awb-spacing-left-medium:15px;--awb-width-small:100%;--awb-order-small:0;--awb-spacing-right-small:15px;--awb-spacing-left-small:15px;\"><div class=\"fusion-column-wrapper fusion-column-has-shadow fusion-flex-justify-content-flex-start fusion-content-layout-column\"><\/div><\/div><\/div><\/div>\n","protected":false},"excerpt":{"rendered":"","protected":false},"author":1,"featured_media":0,"parent":1543,"menu_order":0,"comment_status":"closed","ping_status":"closed","template":"100-width.php","meta":{"wp_typography_post_enhancements_disabled":false,"footnotes":""},"class_list":["post-1625","page","type-page","status-publish","hentry"],"yoast_head":"<!-- This site is optimized with the Yoast SEO plugin v25.9 - https:\/\/yoast.com\/wordpress\/plugins\/seo\/ -->\n<title>Archive internal development projects 2017 - Kompetenznetzwerk Bibliometrie<\/title>\n<meta name=\"robots\" content=\"index, follow, max-snippet:-1, max-image-preview:large, max-video-preview:-1\" \/>\n<link rel=\"canonical\" href=\"https:\/\/bibliometrie.info\/en\/research\/archive-internal-development-projects-2017\/\" \/>\n<meta property=\"og:locale\" content=\"en_US\" \/>\n<meta property=\"og:type\" content=\"article\" \/>\n<meta property=\"og:title\" content=\"Archive internal development projects 2017 - Kompetenznetzwerk Bibliometrie\" \/>\n<meta property=\"og:url\" content=\"https:\/\/bibliometrie.info\/en\/research\/archive-internal-development-projects-2017\/\" \/>\n<meta property=\"og:site_name\" content=\"Kompetenznetzwerk Bibliometrie\" \/>\n<meta property=\"article:modified_time\" content=\"2023-01-17T12:30:31+00:00\" \/>\n<meta name=\"twitter:card\" content=\"summary_large_image\" \/>\n<meta name=\"twitter:label1\" content=\"Est. reading time\" \/>\n\t<meta name=\"twitter:data1\" content=\"12 minutes\" \/>\n<script type=\"application\/ld+json\" class=\"yoast-schema-graph\">{\"@context\":\"https:\/\/schema.org\",\"@graph\":[{\"@type\":\"WebPage\",\"@id\":\"https:\/\/bibliometrie.info\/en\/research\/archive-internal-development-projects-2017\/\",\"url\":\"https:\/\/bibliometrie.info\/en\/research\/archive-internal-development-projects-2017\/\",\"name\":\"Archive internal development projects 2017 - Kompetenznetzwerk Bibliometrie\",\"isPartOf\":{\"@id\":\"https:\/\/bibliometrie.info\/#website\"},\"datePublished\":\"2023-01-04T08:44:10+00:00\",\"dateModified\":\"2023-01-17T12:30:31+00:00\",\"breadcrumb\":{\"@id\":\"https:\/\/bibliometrie.info\/en\/research\/archive-internal-development-projects-2017\/#breadcrumb\"},\"inLanguage\":\"en-US\",\"potentialAction\":[{\"@type\":\"ReadAction\",\"target\":[\"https:\/\/bibliometrie.info\/en\/research\/archive-internal-development-projects-2017\/\"]}]},{\"@type\":\"BreadcrumbList\",\"@id\":\"https:\/\/bibliometrie.info\/en\/research\/archive-internal-development-projects-2017\/#breadcrumb\",\"itemListElement\":[{\"@type\":\"ListItem\",\"position\":1,\"name\":\"Research\",\"item\":\"https:\/\/bibliometrie.info\/en\/research\/\"},{\"@type\":\"ListItem\",\"position\":2,\"name\":\"Archive internal development projects 2017\"}]},{\"@type\":\"WebSite\",\"@id\":\"https:\/\/bibliometrie.info\/#website\",\"url\":\"https:\/\/bibliometrie.info\/\",\"name\":\"Kompetenznetzwerk Bibliometrie\",\"description\":\"Eine weitere WordPress-Website\",\"potentialAction\":[{\"@type\":\"SearchAction\",\"target\":{\"@type\":\"EntryPoint\",\"urlTemplate\":\"https:\/\/bibliometrie.info\/?s={search_term_string}\"},\"query-input\":{\"@type\":\"PropertyValueSpecification\",\"valueRequired\":true,\"valueName\":\"search_term_string\"}}],\"inLanguage\":\"en-US\"}]}<\/script>\n<!-- \/ Yoast SEO plugin. -->","yoast_head_json":{"title":"Archive internal development projects 2017 - Kompetenznetzwerk Bibliometrie","robots":{"index":"index","follow":"follow","max-snippet":"max-snippet:-1","max-image-preview":"max-image-preview:large","max-video-preview":"max-video-preview:-1"},"canonical":"https:\/\/bibliometrie.info\/en\/research\/archive-internal-development-projects-2017\/","og_locale":"en_US","og_type":"article","og_title":"Archive internal development projects 2017 - Kompetenznetzwerk Bibliometrie","og_url":"https:\/\/bibliometrie.info\/en\/research\/archive-internal-development-projects-2017\/","og_site_name":"Kompetenznetzwerk Bibliometrie","article_modified_time":"2023-01-17T12:30:31+00:00","twitter_card":"summary_large_image","twitter_misc":{"Est. reading time":"12 minutes"},"schema":{"@context":"https:\/\/schema.org","@graph":[{"@type":"WebPage","@id":"https:\/\/bibliometrie.info\/en\/research\/archive-internal-development-projects-2017\/","url":"https:\/\/bibliometrie.info\/en\/research\/archive-internal-development-projects-2017\/","name":"Archive internal development projects 2017 - Kompetenznetzwerk Bibliometrie","isPartOf":{"@id":"https:\/\/bibliometrie.info\/#website"},"datePublished":"2023-01-04T08:44:10+00:00","dateModified":"2023-01-17T12:30:31+00:00","breadcrumb":{"@id":"https:\/\/bibliometrie.info\/en\/research\/archive-internal-development-projects-2017\/#breadcrumb"},"inLanguage":"en-US","potentialAction":[{"@type":"ReadAction","target":["https:\/\/bibliometrie.info\/en\/research\/archive-internal-development-projects-2017\/"]}]},{"@type":"BreadcrumbList","@id":"https:\/\/bibliometrie.info\/en\/research\/archive-internal-development-projects-2017\/#breadcrumb","itemListElement":[{"@type":"ListItem","position":1,"name":"Research","item":"https:\/\/bibliometrie.info\/en\/research\/"},{"@type":"ListItem","position":2,"name":"Archive internal development projects 2017"}]},{"@type":"WebSite","@id":"https:\/\/bibliometrie.info\/#website","url":"https:\/\/bibliometrie.info\/","name":"Kompetenznetzwerk Bibliometrie","description":"Eine weitere WordPress-Website","potentialAction":[{"@type":"SearchAction","target":{"@type":"EntryPoint","urlTemplate":"https:\/\/bibliometrie.info\/?s={search_term_string}"},"query-input":{"@type":"PropertyValueSpecification","valueRequired":true,"valueName":"search_term_string"}}],"inLanguage":"en-US"}]}},"_links":{"self":[{"href":"https:\/\/bibliometrie.info\/en\/wp-json\/wp\/v2\/pages\/1625","targetHints":{"allow":["GET"]}}],"collection":[{"href":"https:\/\/bibliometrie.info\/en\/wp-json\/wp\/v2\/pages"}],"about":[{"href":"https:\/\/bibliometrie.info\/en\/wp-json\/wp\/v2\/types\/page"}],"author":[{"embeddable":true,"href":"https:\/\/bibliometrie.info\/en\/wp-json\/wp\/v2\/users\/1"}],"replies":[{"embeddable":true,"href":"https:\/\/bibliometrie.info\/en\/wp-json\/wp\/v2\/comments?post=1625"}],"version-history":[{"count":0,"href":"https:\/\/bibliometrie.info\/en\/wp-json\/wp\/v2\/pages\/1625\/revisions"}],"up":[{"embeddable":true,"href":"https:\/\/bibliometrie.info\/en\/wp-json\/wp\/v2\/pages\/1543"}],"wp:attachment":[{"href":"https:\/\/bibliometrie.info\/en\/wp-json\/wp\/v2\/media?parent=1625"}],"curies":[{"name":"wp","href":"https:\/\/api.w.org\/{rel}","templated":true}]}}